{"id":67,"date":"2025-08-05T14:29:10","date_gmt":"2025-08-05T11:29:10","guid":{"rendered":"https:\/\/colina.md\/?page_id=67"},"modified":"2025-10-31T17:01:15","modified_gmt":"2025-10-31T15:01:15","slug":"apartament-cu-3-camere","status":"publish","type":"page","link":"https:\/\/colina.md\/en\/3-room-apartment\/","title":{"rendered":"Apartamente cu 3 camere \u00een Durle\u0219ti"},"content":{"rendered":"","protected":false},"excerpt":{"rendered":"","protected":false},"author":1,"featured_media":0,"parent":0,"menu_order":0,"comment_status":"closed","ping_status":"closed","template":"apartamente-3c.php","meta":{"inline_featured_image":false,"footnotes":""},"class_list":["post-67","page","type-page","status-publish","hentry"],"acf":[],"yoast_head":"<!-- This site is optimized with the Yoast SEO Premium plugin v21.5 (Yoast SEO v21.5) - https:\/\/yoast.com\/wordpress\/plugins\/seo\/ -->\n<title>Apartamente cu 3 camere \u00een Durle\u0219ti &#8212; Colina Verde Residence<\/title>\n<meta name=\"description\" content=\"Descoper\u0103 apartamente cu 3 camere \u00een Colina Verde Residence: design modern, terase spa\u0163ioase, parcare subteran\u0103 \u015fi spa\u0163ii verzi l\u00e2ng\u0103 Chi\u0219in\u0103u.\" \/>\n<meta name=\"robots\" content=\"index, follow, max-snippet:-1, max-image-preview:large, max-video-preview:-1\" \/>\n<link rel=\"canonical\" href=\"https:\/\/colina.md\/en\/3-room-apartment\/\" \/>\n<meta property=\"og:locale\" content=\"en_US\" \/>\n<meta property=\"og:type\" content=\"article\" \/>\n<meta property=\"og:title\" content=\"Apartamente cu 3 camere \u00een Durle\u0219ti &#8212; Colina Verde Residence\" \/>\n<meta property=\"og:description\" content=\"Descoper\u0103 apartamente cu 3 camere \u00een Colina Verde Residence: design modern, terase spa\u0163ioase, parcare subteran\u0103 \u015fi spa\u0163ii verzi l\u00e2ng\u0103 Chi\u0219in\u0103u.\" \/>\n<meta property=\"og:url\" content=\"https:\/\/colina.md\/en\/3-room-apartment\/\" \/>\n<meta property=\"og:site_name\" content=\"Colina Verde Residence\" \/>\n<meta property=\"article:publisher\" content=\"https:\/\/www.facebook.com\/ColinaVerdeResidencve\/\" \/>\n<meta property=\"article:modified_time\" content=\"2025-10-31T15:01:15+00:00\" \/>\n<meta property=\"og:image\" content=\"https:\/\/colina.md\/wp-content\/uploads\/2025\/09\/Frame-164.jpg\" \/>\n\t<meta property=\"og:image:width\" content=\"1376\" \/>\n\t<meta property=\"og:image:height\" content=\"1376\" \/>\n\t<meta property=\"og:image:type\" content=\"image\/jpeg\" \/>\n<meta name=\"twitter:card\" content=\"summary_large_image\" \/>\n<script type=\"application\/ld+json\" class=\"yoast-schema-graph\">{\"@context\":\"https:\/\/schema.org\",\"@graph\":[{\"@type\":\"WebPage\",\"@id\":\"https:\/\/colina.md\/apartament-cu-3-camere\/\",\"url\":\"https:\/\/colina.md\/apartament-cu-3-camere\/\",\"name\":\"Apartamente cu 3 camere \u00een Durle\u0219ti &#8212; Colina Verde Residence\",\"isPartOf\":{\"@id\":\"https:\/\/colina.md\/#website\"},\"datePublished\":\"2025-08-05T11:29:10+00:00\",\"dateModified\":\"2025-10-31T15:01:15+00:00\",\"description\":\"Descoper\u0103 apartamente cu 3 camere \u00een Colina Verde Residence: design modern, terase spa\u0163ioase, parcare subteran\u0103 \u015fi spa\u0163ii verzi l\u00e2ng\u0103 Chi\u0219in\u0103u.\",\"inLanguage\":\"en-US\",\"potentialAction\":[{\"@type\":\"ReadAction\",\"target\":[\"https:\/\/colina.md\/apartament-cu-3-camere\/\"]}]},{\"@type\":\"WebSite\",\"@id\":\"https:\/\/colina.md\/#website\",\"url\":\"https:\/\/colina.md\/\",\"name\":\"Colina Verde Residence\",\"description\":\"Durle\u0219ti\",\"publisher\":{\"@id\":\"https:\/\/colina.md\/#organization\"},\"potentialAction\":[{\"@type\":\"SearchAction\",\"target\":{\"@type\":\"EntryPoint\",\"urlTemplate\":\"https:\/\/colina.md\/?s={search_term_string}\"},\"query-input\":\"required name=search_term_string\"}],\"inLanguage\":\"en-US\"},{\"@type\":\"Organization\",\"@id\":\"https:\/\/colina.md\/#organization\",\"name\":\"Colina Verde Residence\",\"url\":\"https:\/\/colina.md\/\",\"logo\":{\"@type\":\"ImageObject\",\"inLanguage\":\"en-US\",\"@id\":\"https:\/\/colina.md\/#\/schema\/logo\/image\/\",\"url\":\"https:\/\/colina.md\/wp-content\/uploads\/2025\/09\/subadv1.jpg\",\"contentUrl\":\"https:\/\/colina.md\/wp-content\/uploads\/2025\/09\/subadv1.jpg\",\"width\":2000,\"height\":1007,\"caption\":\"Colina Verde Residence\"},\"image\":{\"@id\":\"https:\/\/colina.md\/#\/schema\/logo\/image\/\"},\"sameAs\":[\"https:\/\/www.facebook.com\/ColinaVerdeResidencve\/\",\"https:\/\/www.youtube.com\/@ColinaVerdeResidence\",\"https:\/\/www.instagram.com\/colina_verde_residence\/\"]}]}<\/script>\n<!-- \/ Yoast SEO Premium plugin. -->","yoast_head_json":{"title":"Apartamente cu 3 camere \u00een Durle\u0219ti &#8212; Colina Verde Residence","description":"Descoper\u0103 apartamente cu 3 camere \u00een Colina Verde Residence: design modern, terase spa\u0163ioase, parcare subteran\u0103 \u015fi spa\u0163ii verzi l\u00e2ng\u0103 Chi\u0219in\u0103u.","robots":{"index":"index","follow":"follow","max-snippet":"max-snippet:-1","max-image-preview":"max-image-preview:large","max-video-preview":"max-video-preview:-1"},"canonical":"https:\/\/colina.md\/en\/3-room-apartment\/","og_locale":"en_US","og_type":"article","og_title":"Apartamente cu 3 camere \u00een Durle\u0219ti &#8212; Colina Verde Residence","og_description":"Descoper\u0103 apartamente cu 3 camere \u00een Colina Verde Residence: design modern, terase spa\u0163ioase, parcare subteran\u0103 \u015fi spa\u0163ii verzi l\u00e2ng\u0103 Chi\u0219in\u0103u.","og_url":"https:\/\/colina.md\/en\/3-room-apartment\/","og_site_name":"Colina Verde Residence","article_publisher":"https:\/\/www.facebook.com\/ColinaVerdeResidencve\/","article_modified_time":"2025-10-31T15:01:15+00:00","og_image":[{"width":1376,"height":1376,"url":"https:\/\/colina.md\/wp-content\/uploads\/2025\/09\/Frame-164.jpg","type":"image\/jpeg"}],"twitter_card":"summary_large_image","schema":{"@context":"https:\/\/schema.org","@graph":[{"@type":"WebPage","@id":"https:\/\/colina.md\/apartament-cu-3-camere\/","url":"https:\/\/colina.md\/apartament-cu-3-camere\/","name":"Apartamente cu 3 camere \u00een Durle\u0219ti &#8212; Colina Verde Residence","isPartOf":{"@id":"https:\/\/colina.md\/#website"},"datePublished":"2025-08-05T11:29:10+00:00","dateModified":"2025-10-31T15:01:15+00:00","description":"Descoper\u0103 apartamente cu 3 camere \u00een Colina Verde Residence: design modern, terase spa\u0163ioase, parcare subteran\u0103 \u015fi spa\u0163ii verzi l\u00e2ng\u0103 Chi\u0219in\u0103u.","inLanguage":"en-US","potentialAction":[{"@type":"ReadAction","target":["https:\/\/colina.md\/apartament-cu-3-camere\/"]}]},{"@type":"WebSite","@id":"https:\/\/colina.md\/#website","url":"https:\/\/colina.md\/","name":"Colina Verde Residence","description":"Durle\u0219ti","publisher":{"@id":"https:\/\/colina.md\/#organization"},"potentialAction":[{"@type":"SearchAction","target":{"@type":"EntryPoint","urlTemplate":"https:\/\/colina.md\/?s={search_term_string}"},"query-input":"required name=search_term_string"}],"inLanguage":"en-US"},{"@type":"Organization","@id":"https:\/\/colina.md\/#organization","name":"Colina Verde Residence","url":"https:\/\/colina.md\/","logo":{"@type":"ImageObject","inLanguage":"en-US","@id":"https:\/\/colina.md\/#\/schema\/logo\/image\/","url":"https:\/\/colina.md\/wp-content\/uploads\/2025\/09\/subadv1.jpg","contentUrl":"https:\/\/colina.md\/wp-content\/uploads\/2025\/09\/subadv1.jpg","width":2000,"height":1007,"caption":"Colina Verde Residence"},"image":{"@id":"https:\/\/colina.md\/#\/schema\/logo\/image\/"},"sameAs":["https:\/\/www.facebook.com\/ColinaVerdeResidencve\/","https:\/\/www.youtube.com\/@ColinaVerdeResidence","https:\/\/www.instagram.com\/colina_verde_residence\/"]}]}},"_links":{"self":[{"href":"https:\/\/colina.md\/en\/wp-json\/wp\/v2\/pages\/67","targetHints":{"allow":["GET"]}}],"collection":[{"href":"https:\/\/colina.md\/en\/wp-json\/wp\/v2\/pages"}],"about":[{"href":"https:\/\/colina.md\/en\/wp-json\/wp\/v2\/types\/page"}],"author":[{"embeddable":true,"href":"https:\/\/colina.md\/en\/wp-json\/wp\/v2\/users\/1"}],"replies":[{"embeddable":true,"href":"https:\/\/colina.md\/en\/wp-json\/wp\/v2\/comments?post=67"}],"version-history":[{"count":1,"href":"https:\/\/colina.md\/en\/wp-json\/wp\/v2\/pages\/67\/revisions"}],"predecessor-version":[{"id":1857,"href":"https:\/\/colina.md\/en\/wp-json\/wp\/v2\/pages\/67\/revisions\/1857"}],"wp:attachment":[{"href":"https:\/\/colina.md\/en\/wp-json\/wp\/v2\/media?parent=67"}],"curies":[{"name":"wp","href":"https:\/\/api.w.org\/{rel}","templated":true}]}}