{"id":127,"date":"2025-08-06T16:49:02","date_gmt":"2025-08-06T13:49:02","guid":{"rendered":"https:\/\/colina.md\/?page_id=127"},"modified":"2025-11-14T13:44:20","modified_gmt":"2025-11-14T11:44:20","slug":"oferta","status":"publish","type":"page","link":"https:\/\/colina.md\/ru\/oferta\/","title":{"rendered":"Ofert\u0103 apartamente"},"content":{"rendered":"","protected":false},"excerpt":{"rendered":"","protected":false},"author":1,"featured_media":0,"parent":0,"menu_order":0,"comment_status":"closed","ping_status":"closed","template":"ofertalp.php","meta":{"inline_featured_image":false,"footnotes":""},"class_list":["post-127","page","type-page","status-publish","hentry"],"acf":[],"yoast_head":"<!-- This site is optimized with the Yoast SEO Premium plugin v21.5 (Yoast SEO v21.5) - https:\/\/yoast.com\/wordpress\/plugins\/seo\/ -->\n<title>Ofert\u0103 apartamente &#8212; Colina Verde Residence<\/title>\n<meta name=\"description\" content=\"Descoper\u0103 ofertele actuale de apartamente \u00een complexul Colina Verde Residence din Durle\u0219ti. Alege locuin\u021ba ideal\u0103 \u2013 apartamente spa\u021bioase, parcare subteran\u0103, zone verzi \u0219i siguran\u021b\u0103 24\/7.\" \/>\n<meta name=\"robots\" content=\"index, follow, max-snippet:-1, max-image-preview:large, max-video-preview:-1\" \/>\n<link rel=\"canonical\" href=\"https:\/\/colina.md\/ru\/oferta\/\" \/>\n<meta property=\"og:locale\" content=\"ru_RU\" \/>\n<meta property=\"og:type\" content=\"article\" \/>\n<meta property=\"og:title\" content=\"Ofert\u0103 apartamente &#8212; Colina Verde Residence\" \/>\n<meta property=\"og:description\" content=\"Descoper\u0103 ofertele actuale de apartamente \u00een complexul Colina Verde Residence din Durle\u0219ti. Alege locuin\u021ba ideal\u0103 \u2013 apartamente spa\u021bioase, parcare subteran\u0103, zone verzi \u0219i siguran\u021b\u0103 24\/7.\" \/>\n<meta property=\"og:url\" content=\"https:\/\/colina.md\/ru\/oferta\/\" \/>\n<meta property=\"og:site_name\" content=\"Colina Verde Residence\" \/>\n<meta property=\"article:publisher\" content=\"https:\/\/www.facebook.com\/ColinaVerdeResidencve\/\" \/>\n<meta property=\"article:modified_time\" content=\"2025-11-14T11:44:20+00:00\" \/>\n<meta property=\"og:image\" content=\"https:\/\/colina.md\/wp-content\/uploads\/2025\/09\/Frame-164.jpg\" \/>\n\t<meta property=\"og:image:width\" content=\"1376\" \/>\n\t<meta property=\"og:image:height\" content=\"1376\" \/>\n\t<meta property=\"og:image:type\" content=\"image\/jpeg\" \/>\n<meta name=\"twitter:card\" content=\"summary_large_image\" \/>\n<script type=\"application\/ld+json\" class=\"yoast-schema-graph\">{\"@context\":\"https:\/\/schema.org\",\"@graph\":[{\"@type\":\"WebPage\",\"@id\":\"https:\/\/colina.md\/oferta\/\",\"url\":\"https:\/\/colina.md\/oferta\/\",\"name\":\"Ofert\u0103 apartamente &#8212; Colina Verde Residence\",\"isPartOf\":{\"@id\":\"https:\/\/colina.md\/#website\"},\"datePublished\":\"2025-08-06T13:49:02+00:00\",\"dateModified\":\"2025-11-14T11:44:20+00:00\",\"description\":\"Descoper\u0103 ofertele actuale de apartamente \u00een complexul Colina Verde Residence din Durle\u0219ti. Alege locuin\u021ba ideal\u0103 \u2013 apartamente spa\u021bioase, parcare subteran\u0103, zone verzi \u0219i siguran\u021b\u0103 24\/7.\",\"inLanguage\":\"ru-RU\",\"potentialAction\":[{\"@type\":\"ReadAction\",\"target\":[\"https:\/\/colina.md\/oferta\/\"]}]},{\"@type\":\"WebSite\",\"@id\":\"https:\/\/colina.md\/#website\",\"url\":\"https:\/\/colina.md\/\",\"name\":\"Colina Verde Residence\",\"description\":\"Durle\u0219ti\",\"publisher\":{\"@id\":\"https:\/\/colina.md\/#organization\"},\"potentialAction\":[{\"@type\":\"SearchAction\",\"target\":{\"@type\":\"EntryPoint\",\"urlTemplate\":\"https:\/\/colina.md\/?s={search_term_string}\"},\"query-input\":\"required name=search_term_string\"}],\"inLanguage\":\"ru-RU\"},{\"@type\":\"Organization\",\"@id\":\"https:\/\/colina.md\/#organization\",\"name\":\"Colina Verde Residence\",\"url\":\"https:\/\/colina.md\/\",\"logo\":{\"@type\":\"ImageObject\",\"inLanguage\":\"ru-RU\",\"@id\":\"https:\/\/colina.md\/#\/schema\/logo\/image\/\",\"url\":\"https:\/\/colina.md\/wp-content\/uploads\/2025\/09\/subadv1.jpg\",\"contentUrl\":\"https:\/\/colina.md\/wp-content\/uploads\/2025\/09\/subadv1.jpg\",\"width\":2000,\"height\":1007,\"caption\":\"Colina Verde Residence\"},\"image\":{\"@id\":\"https:\/\/colina.md\/#\/schema\/logo\/image\/\"},\"sameAs\":[\"https:\/\/www.facebook.com\/ColinaVerdeResidencve\/\",\"https:\/\/www.youtube.com\/@ColinaVerdeResidence\",\"https:\/\/www.instagram.com\/colina_verde_residence\/\"]}]}<\/script>\n<!-- \/ Yoast SEO Premium plugin. -->","yoast_head_json":{"title":"Ofert\u0103 apartamente &#8212; Colina Verde Residence","description":"Descoper\u0103 ofertele actuale de apartamente \u00een complexul Colina Verde Residence din Durle\u0219ti. Alege locuin\u021ba ideal\u0103 \u2013 apartamente spa\u021bioase, parcare subteran\u0103, zone verzi \u0219i siguran\u021b\u0103 24\/7.","robots":{"index":"index","follow":"follow","max-snippet":"max-snippet:-1","max-image-preview":"max-image-preview:large","max-video-preview":"max-video-preview:-1"},"canonical":"https:\/\/colina.md\/ru\/oferta\/","og_locale":"ru_RU","og_type":"article","og_title":"Ofert\u0103 apartamente &#8212; Colina Verde Residence","og_description":"Descoper\u0103 ofertele actuale de apartamente \u00een complexul Colina Verde Residence din Durle\u0219ti. Alege locuin\u021ba ideal\u0103 \u2013 apartamente spa\u021bioase, parcare subteran\u0103, zone verzi \u0219i siguran\u021b\u0103 24\/7.","og_url":"https:\/\/colina.md\/ru\/oferta\/","og_site_name":"Colina Verde Residence","article_publisher":"https:\/\/www.facebook.com\/ColinaVerdeResidencve\/","article_modified_time":"2025-11-14T11:44:20+00:00","og_image":[{"width":1376,"height":1376,"url":"https:\/\/colina.md\/wp-content\/uploads\/2025\/09\/Frame-164.jpg","type":"image\/jpeg"}],"twitter_card":"summary_large_image","schema":{"@context":"https:\/\/schema.org","@graph":[{"@type":"WebPage","@id":"https:\/\/colina.md\/oferta\/","url":"https:\/\/colina.md\/oferta\/","name":"Ofert\u0103 apartamente &#8212; Colina Verde Residence","isPartOf":{"@id":"https:\/\/colina.md\/#website"},"datePublished":"2025-08-06T13:49:02+00:00","dateModified":"2025-11-14T11:44:20+00:00","description":"Descoper\u0103 ofertele actuale de apartamente \u00een complexul Colina Verde Residence din Durle\u0219ti. Alege locuin\u021ba ideal\u0103 \u2013 apartamente spa\u021bioase, parcare subteran\u0103, zone verzi \u0219i siguran\u021b\u0103 24\/7.","inLanguage":"ru-RU","potentialAction":[{"@type":"ReadAction","target":["https:\/\/colina.md\/oferta\/"]}]},{"@type":"WebSite","@id":"https:\/\/colina.md\/#website","url":"https:\/\/colina.md\/","name":"Colina Verde Residence","description":"Durle\u0219ti","publisher":{"@id":"https:\/\/colina.md\/#organization"},"potentialAction":[{"@type":"SearchAction","target":{"@type":"EntryPoint","urlTemplate":"https:\/\/colina.md\/?s={search_term_string}"},"query-input":"required name=search_term_string"}],"inLanguage":"ru-RU"},{"@type":"Organization","@id":"https:\/\/colina.md\/#organization","name":"Colina Verde Residence","url":"https:\/\/colina.md\/","logo":{"@type":"ImageObject","inLanguage":"ru-RU","@id":"https:\/\/colina.md\/#\/schema\/logo\/image\/","url":"https:\/\/colina.md\/wp-content\/uploads\/2025\/09\/subadv1.jpg","contentUrl":"https:\/\/colina.md\/wp-content\/uploads\/2025\/09\/subadv1.jpg","width":2000,"height":1007,"caption":"Colina Verde Residence"},"image":{"@id":"https:\/\/colina.md\/#\/schema\/logo\/image\/"},"sameAs":["https:\/\/www.facebook.com\/ColinaVerdeResidencve\/","https:\/\/www.youtube.com\/@ColinaVerdeResidence","https:\/\/www.instagram.com\/colina_verde_residence\/"]}]}},"_links":{"self":[{"href":"https:\/\/colina.md\/ru\/wp-json\/wp\/v2\/pages\/127","targetHints":{"allow":["GET"]}}],"collection":[{"href":"https:\/\/colina.md\/ru\/wp-json\/wp\/v2\/pages"}],"about":[{"href":"https:\/\/colina.md\/ru\/wp-json\/wp\/v2\/types\/page"}],"author":[{"embeddable":true,"href":"https:\/\/colina.md\/ru\/wp-json\/wp\/v2\/users\/1"}],"replies":[{"embeddable":true,"href":"https:\/\/colina.md\/ru\/wp-json\/wp\/v2\/comments?post=127"}],"version-history":[{"count":12,"href":"https:\/\/colina.md\/ru\/wp-json\/wp\/v2\/pages\/127\/revisions"}],"predecessor-version":[{"id":4318,"href":"https:\/\/colina.md\/ru\/wp-json\/wp\/v2\/pages\/127\/revisions\/4318"}],"wp:attachment":[{"href":"https:\/\/colina.md\/ru\/wp-json\/wp\/v2\/media?parent=127"}],"curies":[{"name":"wp","href":"https:\/\/api.w.org\/{rel}","templated":true}]}}